{"id":286,"date":"2025-09-01T15:37:17","date_gmt":"2025-09-01T13:37:17","guid":{"rendered":"https:\/\/ecosolar.uwb.pl\/index.php\/kontakt\/"},"modified":"2026-02-14T12:45:39","modified_gmt":"2026-02-14T11:45:39","slug":"kontakt","status":"publish","type":"page","link":"https:\/\/ecosolar.uwb.pl\/index.php\/kontakt\/","title":{"rendered":"Kontakt"},"content":{"rendered":"\t\t<div data-elementor-type=\"wp-page\" data-elementor-id=\"286\" class=\"elementor elementor-286\" data-elementor-post-type=\"page\">\n\t\t\t\t\t\t<section class=\"elementor-section elementor-top-section elementor-element elementor-element-1420020 elementor-section-height-min-height elementor-section-items-stretch elementor-section-boxed elementor-section-height-default\" data-id=\"1420020\" data-element_type=\"section\" data-e-type=\"section\" data-settings=\"{&quot;background_background&quot;:&quot;classic&quot;}\">\n\t\t\t\t\t\t<div class=\"elementor-container elementor-column-gap-default\">\n\t\t\t\t\t<div class=\"elementor-column elementor-col-50 elementor-top-column elementor-element elementor-element-6effdaf7\" data-id=\"6effdaf7\" data-element_type=\"column\" data-e-type=\"column\">\n\t\t\t<div class=\"elementor-widget-wrap elementor-element-populated\">\n\t\t\t\t\t\t<div class=\"elementor-element elementor-element-607712ef elementor-widget elementor-widget-heading\" data-id=\"607712ef\" data-element_type=\"widget\" data-e-type=\"widget\" data-widget_type=\"heading.default\">\n\t\t\t\t\t<h1 class=\"elementor-heading-title elementor-size-default\">Kontakt<\/h1>\t\t\t\t<\/div>\n\t\t\t\t<div class=\"elementor-element elementor-element-2865fbd0 elementor-widget elementor-widget-text-editor\" data-id=\"2865fbd0\" data-element_type=\"widget\" data-e-type=\"widget\" data-widget_type=\"text-editor.default\">\n\t\t\t\t\t\t\t\t\t<p class=\"p1\">Skontaktuj si\u0119 z <span class=\"s1\">EcoSolar Care<\/span> \u2014 pomo\u017cemy utrzyma\u0107 Twoj\u0105 instalacj\u0119 fotowoltaiczn\u0105 w najwy\u017cszej sprawno\u015bci. Oferujemy koszenie teren\u00f3w wok\u00f3\u0142 paneli, mycie modu\u0142\u00f3w wod\u0105 demineralizowan\u0105 oraz prace ziemne minikopark\u0105. Dzia\u0142amy w <span class=\"s1\">woj. \u015bwi\u0119tokrzyskim, podkarpackim i lubelskim<\/span>.<\/p><p class=\"p2\"><span class=\"s2\">Wy\u015blij zapytanie z: <\/span>lokalizacj\u0105, zakresem prac, metra\u017cem\/liczb\u0105 paneli<span class=\"s2\"> i <\/span>preferowanym terminem<span class=\"s2\"> \u2014 odpowiemy niezw\u0142ocznie z wycen\u0105.<\/span><\/p>\t\t\t\t\t\t\t\t<\/div>\n\t\t\t\t\t<\/div>\n\t\t<\/div>\n\t\t\t\t<div class=\"elementor-column elementor-col-50 elementor-top-column elementor-element elementor-element-2472d99a\" data-id=\"2472d99a\" data-element_type=\"column\" data-e-type=\"column\">\n\t\t\t<div class=\"elementor-widget-wrap elementor-element-populated\">\n\t\t\t\t\t\t<div class=\"elementor-element elementor-element-4c9d458a elementor-widget__width-auto elementor-absolute elementor-view-default elementor-invisible elementor-widget elementor-widget-icon\" data-id=\"4c9d458a\" data-element_type=\"widget\" data-e-type=\"widget\" data-settings=\"{&quot;_position&quot;:&quot;absolute&quot;,&quot;_animation&quot;:&quot;rotateInDownRight&quot;}\" data-widget_type=\"icon.default\">\n\t\t\t\t\t\t\t<div class=\"elementor-icon-wrapper\">\n\t\t\t<div class=\"elementor-icon\">\n\t\t\t<svg aria-hidden=\"true\" class=\"e-font-icon-svg e-fas-circle\" viewBox=\"0 0 512 512\" xmlns=\"http:\/\/www.w3.org\/2000\/svg\"><path d=\"M256 8C119 8 8 119 8 256s111 248 248 248 248-111 248-248S393 8 256 8z\"><\/path><\/svg>\t\t\t<\/div>\n\t\t<\/div>\n\t\t\t\t\t\t<\/div>\n\t\t\t\t\t<\/div>\n\t\t<\/div>\n\t\t\t\t\t<\/div>\n\t\t<\/section>\n\t\t\t\t<section class=\"elementor-section elementor-top-section elementor-element elementor-element-5caef867 elementor-reverse-tablet elementor-reverse-mobile elementor-section-boxed elementor-section-height-default elementor-section-height-default\" data-id=\"5caef867\" data-element_type=\"section\" data-e-type=\"section\" data-settings=\"{&quot;background_background&quot;:&quot;classic&quot;}\">\n\t\t\t\t\t\t<div class=\"elementor-container elementor-column-gap-default\">\n\t\t\t\t\t<div class=\"elementor-column elementor-col-50 elementor-top-column elementor-element elementor-element-2bc96b26 elementor-hidden-tablet\" data-id=\"2bc96b26\" data-element_type=\"column\" data-e-type=\"column\">\n\t\t\t<div class=\"elementor-widget-wrap elementor-element-populated\">\n\t\t\t\t\t\t<div class=\"elementor-element elementor-element-4b079333 elementor-widget__width-auto elementor-absolute animated-slow elementor-hidden-mobile elementor-view-default elementor-invisible elementor-widget elementor-widget-icon\" data-id=\"4b079333\" data-element_type=\"widget\" data-e-type=\"widget\" data-settings=\"{&quot;_position&quot;:&quot;absolute&quot;,&quot;_animation&quot;:&quot;fadeIn&quot;,&quot;_animation_delay&quot;:1100}\" data-widget_type=\"icon.default\">\n\t\t\t\t\t\t\t<div class=\"elementor-icon-wrapper\">\n\t\t\t<div class=\"elementor-icon\">\n\t\t\t<svg aria-hidden=\"true\" class=\"e-font-icon-svg e-fas-circle\" viewBox=\"0 0 512 512\" xmlns=\"http:\/\/www.w3.org\/2000\/svg\"><path d=\"M256 8C119 8 8 119 8 256s111 248 248 248 248-111 248-248S393 8 256 8z\"><\/path><\/svg>\t\t\t<\/div>\n\t\t<\/div>\n\t\t\t\t\t\t<\/div>\n\t\t\t\t\t<\/div>\n\t\t<\/div>\n\t\t\t\t<div class=\"elementor-column elementor-col-50 elementor-top-column elementor-element elementor-element-155a1cfa\" data-id=\"155a1cfa\" data-element_type=\"column\" data-e-type=\"column\">\n\t\t\t<div class=\"elementor-widget-wrap\">\n\t\t\t\t\t\t\t<\/div>\n\t\t<\/div>\n\t\t\t\t\t<\/div>\n\t\t<\/section>\n\t\t\t\t<section class=\"elementor-section elementor-top-section elementor-element elementor-element-41cd7bbc elementor-section-boxed elementor-section-height-default elementor-section-height-default\" data-id=\"41cd7bbc\" data-element_type=\"section\" data-e-type=\"section\">\n\t\t\t\t\t\t<div class=\"elementor-container elementor-column-gap-default\">\n\t\t\t\t\t<div class=\"elementor-column elementor-col-33 elementor-top-column elementor-element elementor-element-5ece3854\" data-id=\"5ece3854\" data-element_type=\"column\" data-e-type=\"column\">\n\t\t\t<div class=\"elementor-widget-wrap elementor-element-populated\">\n\t\t\t\t\t\t<div class=\"elementor-element elementor-element-7955c431 elementor-view-default elementor-position-block-start elementor-mobile-position-block-start elementor-widget elementor-widget-icon-box\" data-id=\"7955c431\" data-element_type=\"widget\" data-e-type=\"widget\" data-widget_type=\"icon-box.default\">\n\t\t\t\t\t\t\t<div class=\"elementor-icon-box-wrapper\">\n\n\t\t\t\t\t\t<div class=\"elementor-icon-box-icon\">\n\t\t\t\t<span  class=\"elementor-icon\">\n\t\t\t\t<svg xmlns=\"http:\/\/www.w3.org\/2000\/svg\" id=\"be3c90ee-e399-41c4-bc9e-e684b70caa86\" data-name=\"Layer 1\" width=\"55\" height=\"55\" viewBox=\"0 0 55 55\"><circle id=\"a841cdf1-141f-4918-9da0-b9d93a6fd9e1\" data-name=\"Oval\" cx=\"27.5\" cy=\"27.5\" r=\"27.5\" style=\"opacity:0.14662852883338928;isolation:isolate\"><\/circle><g id=\"b16dec3d-1a8f-4441-b017-d0c2ac4676c9\" data-name=\"&#xF0E0;\" style=\"isolation:isolate\"><g style=\"isolation:isolate\"><path d=\"M37,21.75a2.6546,2.6546,0,0,1-.4922,1.5166,4.7549,4.7549,0,0,1-1.2256,1.2354q-3.7764,2.622-4.7,3.2646-.1011.07-.4277.3066c-.2168.1573-.3984.2842-.542.3819s-.3184.206-.5225.3261a3.0541,3.0541,0,0,1-.5781.2715,1.6051,1.6051,0,0,1-.5019.09h-.02a1.6125,1.6125,0,0,1-.5019-.09,3.08,3.08,0,0,1-.5776-.2715c-.2041-.12-.3785-.2294-.5225-.3261s-.3247-.2246-.5425-.3819-.36-.26-.4267-.3066q-.9141-.643-2.6319-1.833T20.7275,24.502a4.9992,4.9992,0,0,1-1.1753-1.16A2.3465,2.3465,0,0,1,19,21.9707a2.0254,2.0254,0,0,1,.417-1.3057,1.4353,1.4353,0,0,1,1.19-.5224H35.3926A1.6206,1.6206,0,0,1,37,21.75Zm0,2.9531v7.9756a1.6138,1.6138,0,0,1-1.6074,1.6074H20.6069A1.6129,1.6129,0,0,1,19,32.6787V24.7031a5.33,5.33,0,0,0,1.0146.874q3.6358,2.4712,4.9922,3.4649.5721.4218.9292.6582a5.71,5.71,0,0,0,.9493.4824,2.8922,2.8922,0,0,0,1.1044.2461h.02a2.8968,2.8968,0,0,0,1.1054-.2461,5.7912,5.7912,0,0,0,.9493-.4824q.356-.2358.9287-.6582,1.7079-1.2348,5.0029-3.4649A5.5955,5.5955,0,0,0,37,24.7031Z\"><\/path><\/g><\/g><\/svg>\t\t\t\t<\/span>\n\t\t\t<\/div>\n\t\t\t\n\t\t\t\t\t\t<div class=\"elementor-icon-box-content\">\n\n\t\t\t\t\t\t\t\t\t<h4 class=\"elementor-icon-box-title\">\n\t\t\t\t\t\t<span  >\n\t\t\t\t\t\t\tAdres e-mail:\t\t\t\t\t\t<\/span>\n\t\t\t\t\t<\/h4>\n\t\t\t\t\n\t\t\t\t\t\t\t\t\t<p class=\"elementor-icon-box-description\">\n\t\t\t\t\t\tecosolarpolska@gmail.com\t\t\t\t\t<\/p>\n\t\t\t\t\n\t\t\t<\/div>\n\t\t\t\n\t\t<\/div>\n\t\t\t\t\t\t<\/div>\n\t\t\t\t\t<\/div>\n\t\t<\/div>\n\t\t\t\t<div class=\"elementor-column elementor-col-33 elementor-top-column elementor-element elementor-element-275202ba\" data-id=\"275202ba\" data-element_type=\"column\" data-e-type=\"column\">\n\t\t\t<div class=\"elementor-widget-wrap elementor-element-populated\">\n\t\t\t\t\t\t<div class=\"elementor-element elementor-element-1d7c1276 elementor-view-default elementor-position-block-start elementor-mobile-position-block-start elementor-widget elementor-widget-icon-box\" data-id=\"1d7c1276\" data-element_type=\"widget\" data-e-type=\"widget\" data-widget_type=\"icon-box.default\">\n\t\t\t\t\t\t\t<div class=\"elementor-icon-box-wrapper\">\n\n\t\t\t\t\t\t<div class=\"elementor-icon-box-icon\">\n\t\t\t\t<span  class=\"elementor-icon\">\n\t\t\t\t<svg xmlns=\"http:\/\/www.w3.org\/2000\/svg\" id=\"e1f12496-6c7d-45ac-87c8-65a0ce9dbfaf\" data-name=\"Layer 1\" width=\"55\" height=\"55\" viewBox=\"0 0 55 55\"><circle id=\"a3f3844e-23a0-483b-adaa-303f54dc92ff\" data-name=\"Oval\" cx=\"27.5\" cy=\"27.5\" r=\"27.5\" style=\"opacity:0.14662852883338928;isolation:isolate\"><\/circle><g id=\"b2c20179-3a0d-41e7-af6b-39c1cc079c40\" data-name=\"&#xF095;\" style=\"isolation:isolate\"><g style=\"isolation:isolate\"><path d=\"M35.7236,32.2654a3.8955,3.8955,0,0,1-.1159.8245,4.7067,4.7067,0,0,1-.2453.8,3.1325,3.1325,0,0,1-1.4264,1.2379,4.5229,4.5229,0,0,1-2.1715.5963,4.6466,4.6466,0,0,1-.62-.0409,4.7766,4.7766,0,0,1-.6712-.1465c-.2453-.0693-.4281-.1261-.5485-.1692s-.3373-.1227-.65-.24-.502-.1862-.5724-.21a10.6,10.6,0,0,1-2.0437-.9687,17.6478,17.6478,0,0,1-3.084-2.5235A17.6162,17.6162,0,0,1,21.0521,28.34a10.5611,10.5611,0,0,1-.97-2.0442q-.0349-.1039-.21-.5724-.1755-.4668-.24-.6474c-.0426-.1215-.0988-.3043-.1692-.55a4.8416,4.8416,0,0,1-.146-.6712,4.6546,4.6546,0,0,1-.0409-.619,4.5367,4.5367,0,0,1,.5957-2.1737,3.1311,3.1311,0,0,1,1.2385-1.4242,4.5067,4.5067,0,0,1,.8-.2453,3.8282,3.8282,0,0,1,.8234-.117.6448.6448,0,0,1,.2453.0352q.21.07.6189.887.1287.2232.351.6315c.1476.2725.2839.519.4088.7416s.2453.43.3617.6246c.0233.0318.0914.1283.2044.2919a3.37,3.37,0,0,1,.2516.4145.7771.7771,0,0,1,.0818.3339.9709.9709,0,0,1-.3334.5838,5.745,5.745,0,0,1-.724.6428,6.9555,6.9555,0,0,0-.7245.6189.89.89,0,0,0-.3328.5372.7755.7755,0,0,0,.0585.2623,2.3939,2.3939,0,0,0,.0994.24c.0272.0545.0817.1476.1635.2805s.1266.2067.134.2214a11.5672,11.5672,0,0,0,4.7779,4.7779c.0153.008.09.0534.222.1352s.226.1362.2805.1635a2.4186,2.4186,0,0,0,.24.0988.7929.7929,0,0,0,.2623.0579.8871.8871,0,0,0,.5372-.3327,7.1655,7.1655,0,0,0,.62-.7235,5.6572,5.6572,0,0,1,.6416-.7245.9658.9658,0,0,1,.5849-.3328.7556.7556,0,0,1,.3317.0818,3.2644,3.2644,0,0,1,.4156.251c.1636.1124.2612.18.2919.2044.1942.117.4032.2373.6246.3623s.4691.2612.7416.4088.4838.2646.6315.35q.8177.4089.8881.619A.6711.6711,0,0,1,35.7236,32.2654Z\"><\/path><\/g><\/g><\/svg>\t\t\t\t<\/span>\n\t\t\t<\/div>\n\t\t\t\n\t\t\t\t\t\t<div class=\"elementor-icon-box-content\">\n\n\t\t\t\t\t\t\t\t\t<h4 class=\"elementor-icon-box-title\">\n\t\t\t\t\t\t<span  >\n\t\t\t\t\t\t\tTelefon:\t\t\t\t\t\t<\/span>\n\t\t\t\t\t<\/h4>\n\t\t\t\t\n\t\t\t\t\t\t\t\t\t<p class=\"elementor-icon-box-description\">\n\t\t\t\t\t\t+48 690 533 433\t\t\t\t\t<\/p>\n\t\t\t\t\n\t\t\t<\/div>\n\t\t\t\n\t\t<\/div>\n\t\t\t\t\t\t<\/div>\n\t\t\t\t\t<\/div>\n\t\t<\/div>\n\t\t\t\t<div class=\"elementor-column elementor-col-33 elementor-top-column elementor-element elementor-element-7bee35bb\" data-id=\"7bee35bb\" data-element_type=\"column\" data-e-type=\"column\">\n\t\t\t<div class=\"elementor-widget-wrap elementor-element-populated\">\n\t\t\t\t\t\t<div class=\"elementor-element elementor-element-430a5778 elementor-view-default elementor-position-block-start elementor-mobile-position-block-start elementor-widget elementor-widget-icon-box\" data-id=\"430a5778\" data-element_type=\"widget\" data-e-type=\"widget\" data-widget_type=\"icon-box.default\">\n\t\t\t\t\t\t\t<div class=\"elementor-icon-box-wrapper\">\n\n\t\t\t\t\t\t<div class=\"elementor-icon-box-icon\">\n\t\t\t\t<span  class=\"elementor-icon\">\n\t\t\t\t<svg xmlns=\"http:\/\/www.w3.org\/2000\/svg\" id=\"ef8a1c0c-cb4e-46c1-88d2-c6d1179243ee\" data-name=\"Layer 1\" width=\"55\" height=\"55\" viewBox=\"0 0 55 55\"><circle id=\"a0c46d0a-b5bf-4721-b037-6b4bc42930a4\" data-name=\"Oval\" cx=\"27.5\" cy=\"27.5\" r=\"27.5\" style=\"opacity:0.14662852883338928;isolation:isolate\"><\/circle><g id=\"aefbb942-1c1d-468a-b004-9ee4ee8b3a59\" data-name=\"gps\"><path id=\"e2f59918-3742-420d-891f-84f8fbfef7b7\" data-name=\"Shape\" d=\"M28,15a9.029,9.029,0,0,0-9,9.0375C19,30.3009,28.0089,41,28.0089,41S37,29.9928,37,24.0375A9.029,9.029,0,0,0,28,15Zm2.7155,11.6837a3.8333,3.8333,0,0,1-5.4308,0,3.8718,3.8718,0,0,1,0-5.4535,3.8288,3.8288,0,0,1,5.4308,0A3.8718,3.8718,0,0,1,30.7155,26.6837Z\"><\/path><\/g><\/svg>\t\t\t\t<\/span>\n\t\t\t<\/div>\n\t\t\t\n\t\t\t\t\t\t<div class=\"elementor-icon-box-content\">\n\n\t\t\t\t\t\t\t\t\t<h4 class=\"elementor-icon-box-title\">\n\t\t\t\t\t\t<span  >\n\t\t\t\t\t\t\tAdres:\t\t\t\t\t\t<\/span>\n\t\t\t\t\t<\/h4>\n\t\t\t\t\n\t\t\t\t\t\t\t\t\t<p class=\"elementor-icon-box-description\">\n\t\t\t\t\t\tul. Szkolna 11, 39-432 Gorzyce\t\t\t\t\t<\/p>\n\t\t\t\t\n\t\t\t<\/div>\n\t\t\t\n\t\t<\/div>\n\t\t\t\t\t\t<\/div>\n\t\t\t\t\t<\/div>\n\t\t<\/div>\n\t\t\t\t\t<\/div>\n\t\t<\/section>\n\t\t\t\t<section class=\"elementor-section elementor-top-section elementor-element elementor-element-1e4f4318 elementor-section-boxed elementor-section-height-default elementor-section-height-default\" data-id=\"1e4f4318\" data-element_type=\"section\" data-e-type=\"section\">\n\t\t\t\t\t\t<div class=\"elementor-container elementor-column-gap-default\">\n\t\t\t\t\t<div class=\"elementor-column elementor-col-100 elementor-top-column elementor-element elementor-element-1db87ed0\" data-id=\"1db87ed0\" data-element_type=\"column\" data-e-type=\"column\" data-settings=\"{&quot;background_background&quot;:&quot;classic&quot;}\">\n\t\t\t<div class=\"elementor-widget-wrap elementor-element-populated\">\n\t\t\t\t\t\t<div class=\"elementor-element elementor-element-3165057c elementor-button-align-stretch elementor-widget elementor-widget-form\" data-id=\"3165057c\" data-element_type=\"widget\" data-e-type=\"widget\" data-settings=\"{&quot;step_next_label&quot;:&quot;Nast\\u0119pny&quot;,&quot;step_previous_label&quot;:&quot;Poprzedni&quot;,&quot;button_width&quot;:&quot;100&quot;,&quot;step_type&quot;:&quot;number_text&quot;,&quot;step_icon_shape&quot;:&quot;circle&quot;}\" data-widget_type=\"form.default\">\n\t\t\t\t\t\t\t<form class=\"elementor-form\" method=\"post\" name=\"Nowy formularz\" aria-label=\"Nowy formularz\">\n\t\t\t<input type=\"hidden\" name=\"post_id\" value=\"286\"\/>\n\t\t\t<input type=\"hidden\" name=\"form_id\" value=\"3165057c\"\/>\n\t\t\t<input type=\"hidden\" name=\"referer_title\" value=\"Kontakt\" \/>\n\n\t\t\t\t\t\t\t<input type=\"hidden\" name=\"queried_id\" value=\"286\"\/>\n\t\t\t\n\t\t\t<div class=\"elementor-form-fields-wrapper elementor-labels-above\">\n\t\t\t\t\t\t\t\t<div class=\"elementor-field-type-text elementor-field-group elementor-column elementor-field-group-name elementor-col-100\">\n\t\t\t\t\t\t\t\t\t\t\t\t<label for=\"form-field-name\" class=\"elementor-field-label\">\n\t\t\t\t\t\t\t\tImi\u0119:\t\t\t\t\t\t\t<\/label>\n\t\t\t\t\t\t\t\t\t\t\t\t\t\t<input size=\"1\" type=\"text\" name=\"form_fields[name]\" id=\"form-field-name\" class=\"elementor-field elementor-size-sm  elementor-field-textual\" placeholder=\"Twoje imi\u0119\">\n\t\t\t\t\t\t\t\t\t\t\t<\/div>\n\t\t\t\t\t\t\t\t<div class=\"elementor-field-type-email elementor-field-group elementor-column elementor-field-group-email elementor-col-100 elementor-field-required\">\n\t\t\t\t\t\t\t\t\t\t\t\t<label for=\"form-field-email\" class=\"elementor-field-label\">\n\t\t\t\t\t\t\t\tE-mail:\t\t\t\t\t\t\t<\/label>\n\t\t\t\t\t\t\t\t\t\t\t\t\t\t<input size=\"1\" type=\"email\" name=\"form_fields[email]\" id=\"form-field-email\" class=\"elementor-field elementor-size-sm  elementor-field-textual\" placeholder=\"Tw\u00f3j adres e-mail\" required=\"required\">\n\t\t\t\t\t\t\t\t\t\t\t<\/div>\n\t\t\t\t\t\t\t\t<div class=\"elementor-field-type-textarea elementor-field-group elementor-column elementor-field-group-message elementor-col-100\">\n\t\t\t\t\t\t\t\t\t\t\t\t<label for=\"form-field-message\" class=\"elementor-field-label\">\n\t\t\t\t\t\t\t\tWiadomo\u015b\u0107:\t\t\t\t\t\t\t<\/label>\n\t\t\t\t\t\t<textarea class=\"elementor-field-textual elementor-field  elementor-size-sm\" name=\"form_fields[message]\" id=\"form-field-message\" rows=\"4\" placeholder=\"Twoja wiadomo\u015b\u0107\"><\/textarea>\t\t\t\t<\/div>\n\t\t\t\t\t\t\t\t<div class=\"elementor-field-type-acceptance elementor-field-group elementor-column elementor-field-group-field_7406f6e elementor-col-100 elementor-field-required\">\n\t\t\t\t\t\t\t<div class=\"elementor-field-subgroup\">\n\t\t\t<span class=\"elementor-field-option\">\n\t\t\t\t<input type=\"checkbox\" name=\"form_fields[field_7406f6e]\" id=\"form-field-field_7406f6e\" class=\"elementor-field elementor-size-sm  elementor-acceptance-field\" required=\"required\">\n\t\t\t\t<label for=\"form-field-field_7406f6e\">Wyra\u017cam zgod\u0119 na przetwarzanie moich danych osobowych do celu i w zakresie niezb\u0119dnym do realizacji obs\u0142ugi niniejszego zg\u0142oszenia. Zapozna\u0142am\/em si\u0119 z tre\u015bci\u0105 informacji o sposobie przetwarzania moich danych osobowych.<\/label>\t\t\t<\/span>\n\t\t<\/div>\n\t\t\t\t\t\t<\/div>\n\t\t\t\t\t\t\t\t<div class=\"elementor-field-group elementor-column elementor-field-type-submit elementor-col-100 e-form__buttons\">\n\t\t\t\t\t<button class=\"elementor-button elementor-size-sm elementor-animation-shrink\" type=\"submit\">\n\t\t\t\t\t\t<span class=\"elementor-button-content-wrapper\">\n\t\t\t\t\t\t\t\t\t\t\t\t\t\t\t\t\t\t\t\t\t\t<span class=\"elementor-button-text\">Wy\u015blij<\/span>\n\t\t\t\t\t\t\t\t\t\t\t\t\t<\/span>\n\t\t\t\t\t<\/button>\n\t\t\t\t<\/div>\n\t\t\t<\/div>\n\t\t<\/form>\n\t\t\t\t\t\t<\/div>\n\t\t\t\t<div class=\"elementor-element elementor-element-5e77aee6 elementor-widget elementor-widget-text-editor\" data-id=\"5e77aee6\" data-element_type=\"widget\" data-e-type=\"widget\" data-widget_type=\"text-editor.default\">\n\t\t\t\t\t\t\t\t\t<p>Administratorem Pa\u0144stwa danych osobowych jest: [dane firmy]. Pa\u0144stwa dane b\u0119d\u0105 przetwarzane jedynie w celu obs\u0142ugi wys\u0142anego zapytania i tak d\u0142ugo, jak to konieczne do obs\u0142ugi tego zapytania. Maj\u0105 Pa\u0144stwo prawo do dost\u0119pu do swoich danych, ich sprostowania, usuni\u0119cia, ograniczenia przetwarzania, wniesienia sprzeciwu wobec przetwarzania oraz przeniesienia danych. Mog\u0105 Pa\u0144stwo r\u00f3wnie\u017c wnie\u015b\u0107 skarg\u0119 do organu nadzorczego. Podanie danych jest dobrowolne, ale niezb\u0119dne do obs\u0142ugi zapytania. Podstawa prawna: przetwarzanie jest niezb\u0119dne do podj\u0119cia dzia\u0142a\u0144 na \u017c\u0105danie osoby, kt\u00f3rej dane dotycz\u0105, przed zawarciem umowy. W razie pyta\u0144 prosimy o kontakt na: ecosolarpolska@gmail.com.<\/p>\t\t\t\t\t\t\t\t<\/div>\n\t\t\t\t\t<\/div>\n\t\t<\/div>\n\t\t\t\t\t<\/div>\n\t\t<\/section>\n\t\t\t\t<section class=\"elementor-section elementor-top-section elementor-element elementor-element-3791c52d elementor-section-boxed elementor-section-height-default elementor-section-height-default\" data-id=\"3791c52d\" data-element_type=\"section\" data-e-type=\"section\">\n\t\t\t\t\t\t<div class=\"elementor-container elementor-column-gap-default\">\n\t\t\t\t\t<div class=\"elementor-column elementor-col-100 elementor-top-column elementor-element elementor-element-321110d1\" data-id=\"321110d1\" data-element_type=\"column\" data-e-type=\"column\" data-settings=\"{&quot;background_background&quot;:&quot;classic&quot;}\">\n\t\t\t<div class=\"elementor-widget-wrap elementor-element-populated\">\n\t\t\t\t\t\t<div class=\"elementor-element elementor-element-107539e0 elementor-widget elementor-widget-google_maps\" data-id=\"107539e0\" data-element_type=\"widget\" data-e-type=\"widget\" data-widget_type=\"google_maps.default\">\n\t\t\t\t\t\t\t<div class=\"elementor-custom-embed\">\n\t\t\t<iframe loading=\"lazy\"\n\t\t\t\t\tsrc=\"https:\/\/maps.google.com\/maps?q=ul.%20Szkolna%2011%2C%2039-432%20Gorzyce&#038;t=m&#038;z=12&#038;output=embed&#038;iwloc=near\"\n\t\t\t\t\ttitle=\"ul. Szkolna 11, 39-432 Gorzyce\"\n\t\t\t\t\taria-label=\"ul. Szkolna 11, 39-432 Gorzyce\"\n\t\t\t><\/iframe>\n\t\t<\/div>\n\t\t\t\t\t\t<\/div>\n\t\t\t\t\t<\/div>\n\t\t<\/div>\n\t\t\t\t\t<\/div>\n\t\t<\/section>\n\t\t\t\t<\/div>\n\t\t","protected":false},"excerpt":{"rendered":"<p>Kontakt Skontaktuj si\u0119 z EcoSolar Care \u2014 pomo\u017cemy utrzyma\u0107 Twoj\u0105 instalacj\u0119 fotowoltaiczn\u0105 w najwy\u017cszej sprawno\u015bci. Oferujemy koszenie teren\u00f3w wok\u00f3\u0142 paneli, mycie modu\u0142\u00f3w wod\u0105 demineralizowan\u0105 oraz prace ziemne minikopark\u0105. Dzia\u0142amy w woj. \u015bwi\u0119tokrzyskim, podkarpackim i lubelskim. Wy\u015blij zapytanie z: lokalizacj\u0105, zakresem prac, metra\u017cem\/liczb\u0105 paneli i preferowanym terminem \u2014 odpowiemy niezw\u0142ocznie z wycen\u0105. Adres e-mail: ecosolarpolska@gmail.com Telefon: [&hellip;]<\/p>\n","protected":false},"author":1,"featured_media":0,"parent":0,"menu_order":0,"comment_status":"closed","ping_status":"closed","template":"elementor_header_footer","meta":{"footnotes":""},"class_list":["post-286","page","type-page","status-publish","hentry"],"_links":{"self":[{"href":"https:\/\/ecosolar.uwb.pl\/index.php\/wp-json\/wp\/v2\/pages\/286","targetHints":{"allow":["GET"]}}],"collection":[{"href":"https:\/\/ecosolar.uwb.pl\/index.php\/wp-json\/wp\/v2\/pages"}],"about":[{"href":"https:\/\/ecosolar.uwb.pl\/index.php\/wp-json\/wp\/v2\/types\/page"}],"author":[{"embeddable":true,"href":"https:\/\/ecosolar.uwb.pl\/index.php\/wp-json\/wp\/v2\/users\/1"}],"replies":[{"embeddable":true,"href":"https:\/\/ecosolar.uwb.pl\/index.php\/wp-json\/wp\/v2\/comments?post=286"}],"version-history":[{"count":25,"href":"https:\/\/ecosolar.uwb.pl\/index.php\/wp-json\/wp\/v2\/pages\/286\/revisions"}],"predecessor-version":[{"id":567,"href":"https:\/\/ecosolar.uwb.pl\/index.php\/wp-json\/wp\/v2\/pages\/286\/revisions\/567"}],"wp:attachment":[{"href":"https:\/\/ecosolar.uwb.pl\/index.php\/wp-json\/wp\/v2\/media?parent=286"}],"curies":[{"name":"wp","href":"https:\/\/api.w.org\/{rel}","templated":true}]}}